{"id":4386,"date":"2018-05-07T21:45:34","date_gmt":"2018-05-07T21:45:34","guid":{"rendered":"http:\/\/igauni.lv\/?page_id=4386"},"modified":"2018-05-08T10:55:55","modified_gmt":"2018-05-08T10:55:55","slug":"quotation","status":"publish","type":"page","link":"https:\/\/igauni.lv\/ru\/quotation\/","title":{"rendered":"\u041f\u043e\u043b\u0443\u0447\u0438\u0442\u044c \u0446\u0435\u043d\u043e\u0432\u043e\u0435 \u043f\u0440\u0435\u0434\u043b\u043e\u0436\u0435\u043d\u0438\u0435"},"content":{"rendered":"<div class=\"bt_bb_wrapper\"><section id=\"bt_bb_section69ea521a6b7b0\"  class=\"bt_bb_section bt_bb_top_spacing_large bt_bb_layout_boxed_1200 bt_bb_vertical_align_top bt_bb_highlighted_no\" ><div class=\"bt_bb_port\"><div class=\"bt_bb_cell\"><div class=\"bt_bb_cell_inner\"><div class=\"bt_bb_row_wrapper\"><div  class=\"bt_bb_row\" ><div  class=\"bt_bb_column col-md-6 col-sm-12 bt_bb_align_left bt_bb_vertical_align_middle bt_bb_animation_fade_in animate bt_bb_padding_normal bt_bb_highlighted_no\"  data-width=\"6\"><div class=\"bt_bb_column_content\"><div class=\"bt_bb_column_content_inner\"><header class=\"bt_bb_headline bt_bb_dash_bottom bt_bb_size_medium bt_bb_subheadline bt_bb_align_inherit\"><h2><span class=\"bt_bb_headline_content\"><span>\u041f\u043e\u043b\u0443\u0447\u0438\u0442\u044c \u0446\u0435\u043d\u043e\u0432\u043e\u0435 \u043f\u0440\u0435\u0434\u043b\u043e\u0436\u0435\u043d\u0438\u0435<\/span><\/span><\/h2><div class=\"bt_bb_headline_subheadline\">\u041f\u043e\u0441\u043b\u0435 \u0437\u0430\u043f\u043e\u043b\u043d\u0435\u043d\u0438\u044f \u0444\u043e\u0440\u043c\u044b \u0422\u044b \u043f\u043e\u043b\u0443\u0447\u0438\u0448\u044c \u0446\u0435\u043d\u0443 \u0443\u0441\u043b\u0443\u0433\u0438, \u0432\u0440\u0435\u043c\u044f \u0434\u043e\u0441\u0442\u0430\u0432\u043a\u0438 \u0438 \u043f\u043e\u043b\u043d\u043e\u0435 \u043e\u043f\u0438\u0441\u0430\u043d\u0438\u0435 \u043e\u0444\u043e\u0440\u043c\u043b\u0435\u043d\u0438\u044f \u043f\u0440\u043e\u0446\u0435\u0441\u0441\u0430 \u043f\u0435\u0440\u0435\u0432\u043e\u0437\u043a\u0438 \u0432 \u0442\u0435\u0447\u0435\u043d\u0438\u0435 3-\u0445 \u0447\u0430\u0441\u043e\u0432 (\u0432 \u0440\u0430\u0431\u043e\u0447\u0435\u0435 \u0432\u0440\u0435\u043c\u044f).<br \/>\r\n<\/div><\/header><div  class=\"bt_bb_text\" ><div role=\"form\" class=\"wpcf7\" id=\"wpcf7-f4440-o1\" lang=\"en-US\" dir=\"ltr\">\n<div class=\"screen-reader-response\"><\/div>\n<form action=\"\/ru\/wp-json\/wp\/v2\/pages\/4386#wpcf7-f4440-o1\" method=\"post\" class=\"wpcf7-form\" novalidate=\"novalidate\">\n<div style=\"display: none;\">\n<input type=\"hidden\" name=\"_wpcf7\" value=\"4440\" \/>\n<input type=\"hidden\" name=\"_wpcf7_version\" value=\"5.0\" \/>\n<input type=\"hidden\" name=\"_wpcf7_locale\" value=\"en_US\" \/>\n<input type=\"hidden\" name=\"_wpcf7_unit_tag\" value=\"wpcf7-f4440-o1\" \/>\n<input type=\"hidden\" name=\"_wpcf7_container_post\" value=\"0\" \/>\n<\/div>\n<div class=\"boldRow btContactRow btLogisticsContactRow\">\n<div class=\"btContactRowInput btContactRowInputFlex\">\n<div class=\"btContactInputName\"><span class=\"wpcf7-form-control-wrap your-name\"><input type=\"text\" name=\"your-name\" value=\"\" size=\"40\" class=\"wpcf7-form-control wpcf7-text wpcf7-validates-as-required\" aria-required=\"true\" aria-invalid=\"false\" placeholder=\"\u0418\u043c\u044f\" \/><\/span><\/div>\n<div class=\"btContactInputEmail\"><span class=\"wpcf7-form-control-wrap your-email\"><input type=\"email\" name=\"your-email\" value=\"\" size=\"40\" class=\"wpcf7-form-control wpcf7-text wpcf7-email wpcf7-validates-as-required wpcf7-validates-as-email\" aria-required=\"true\" aria-invalid=\"false\" placeholder=\"\u0410\u0434\u0440\u0435\u0441 \u044d\u043b\u0435\u043a\u0442\u0440\u043e\u043d\u043d\u043e\u0439 \u043f\u043e\u0447\u0442\u044b\" \/><\/span><\/div>\n<\/div>\n<div class=\"btContactRowInput btContactRowInputFlex\">\n<div class=\"btContactInputName\"><span class=\"wpcf7-form-control-wrap your-number\"><input type=\"text\" name=\"your-number\" value=\"\" size=\"40\" class=\"wpcf7-form-control wpcf7-text\" aria-invalid=\"false\" placeholder=\"\u0422\u0435\u043b\u0435\u0444\u043e\u043d\" \/><\/span><\/div>\n<div class=\"btContactInputEmail\"><span class=\"wpcf7-form-control-wrap weight\"><input type=\"text\" name=\"weight\" value=\"\" size=\"40\" class=\"wpcf7-form-control wpcf7-text\" aria-invalid=\"false\" placeholder=\"\u0412\u0435\u0441 \u0433\u0440\u0443\u0437\u0430\" \/><\/span><\/div>\n<\/div>\n<div class=\"btContactRowInput btContactRowInputFlex\">\n<div class=\"btContactInputName\"><span class=\"wpcf7-form-control-wrap size\"><input type=\"text\" name=\"size\" value=\"\" size=\"40\" class=\"wpcf7-form-control wpcf7-text\" aria-invalid=\"false\" placeholder=\"\u0420\u0430\u0437\u043c\u0435\u0440\u044b \u0433\u0440\u0443\u0437\u0430 (W, H, L)\" \/><\/span><\/div>\n<div class=\"btContactInputEmail\"><span class=\"wpcf7-form-control-wrap date\"><input type=\"text\" name=\"date\" value=\"\" size=\"40\" class=\"wpcf7-form-control wpcf7-text\" aria-invalid=\"false\" placeholder=\"\u0416\u0435\u043b\u0430\u0442\u0435\u043b\u044c\u043d\u0430\u044f \u0434\u0430\u0442\u0430, \u0432\u0440\u0435\u043c\u044f \u043f\u043e\u0433\u0440\u0443\u0437\u043a\u0438\" \/><\/span><\/div>\n<\/div>\n<div class=\"btContactRowInput btContactRowInputFlex\">\n<div class=\"btContactInputName\"><span class=\"wpcf7-form-control-wrap load-address\"><input type=\"text\" name=\"load-address\" value=\"\" size=\"40\" class=\"wpcf7-form-control wpcf7-text\" aria-invalid=\"false\" placeholder=\"\u041f\u043e\u043b\u043d\u044b\u0439 \u0430\u0434\u0440\u0435\u0441 \u043c\u0435\u0441\u0442\u0430 \u043f\u043e\u0433\u0440\u0443\u0437\u043a\u0438\" \/><\/span><\/div>\n<div class=\"btContactInputEmail\"><span class=\"wpcf7-form-control-wrap unload-address\"><input type=\"text\" name=\"unload-address\" value=\"\" size=\"40\" class=\"wpcf7-form-control wpcf7-text\" aria-invalid=\"false\" placeholder=\"\u041f\u043e\u043b\u043d\u044b\u0439 \u0430\u0434\u0440\u0435\u0441 \u043c\u0435\u0441\u0442\u0430 \u0432\u044b\u0433\u0440\u0443\u0437\u043a\u0438\" \/><\/span><\/div>\n<\/div>\n<div class=\"btContactRowInput\"><span class=\"wpcf7-form-control-wrap your-message\"><textarea name=\"your-message\" cols=\"40\" rows=\"10\" class=\"wpcf7-form-control wpcf7-textarea\" aria-invalid=\"false\" placeholder=\"\u041a\u0440\u0430\u0442\u043a\u043e\u0435 \u043e\u043f\u0438\u0441\u0430\u043d\u0438\u0435 \u0433\u0440\u0443\u0437\u0430\"><\/textarea><\/span><\/div>\n<div>\n<div class=\"wpcf7-form-control-wrap\"><div data-sitekey=\"6LejckgUAAAAALO72AAEKdT6RZpOjiBftfKBC8dc\" class=\"wpcf7-form-control g-recaptcha wpcf7-recaptcha\"><\/div>\n<noscript>\n\t<div style=\"width: 302px; height: 422px;\">\n\t\t<div style=\"width: 302px; height: 422px; position: relative;\">\n\t\t\t<div style=\"width: 302px; height: 422px; position: absolute;\">\n\t\t\t\t<iframe src=\"https:\/\/www.google.com\/recaptcha\/api\/fallback?k=6LejckgUAAAAALO72AAEKdT6RZpOjiBftfKBC8dc\" frameborder=\"0\" scrolling=\"no\" style=\"width: 302px; height:422px; border-style: none;\">\n\t\t\t\t<\/iframe>\n\t\t\t<\/div>\n\t\t\t<div style=\"width: 300px; height: 60px; border-style: none; bottom: 12px; left: 25px; margin: 0px; padding: 0px; right: 25px; background: #f9f9f9; border: 1px solid #c1c1c1; border-radius: 3px;\">\n\t\t\t\t<textarea id=\"g-recaptcha-response\" name=\"g-recaptcha-response\" class=\"g-recaptcha-response\" style=\"width: 250px; height: 40px; border: 1px solid #c1c1c1; margin: 10px 25px; padding: 0px; resize: none;\">\n\t\t\t\t<\/textarea>\n\t\t\t<\/div>\n\t\t<\/div>\n\t<\/div>\n<\/noscript>\n<\/div>\n<\/div>\n<div class=\"btContactRowButton\"><input type=\"submit\" value=\"\u041e\u0442\u043f\u0440\u0430\u0432\u0438\u0442\u044c\" class=\"wpcf7-form-control wpcf7-submit\" \/><\/div>\n<\/div>\n<div class=\"wpcf7-response-output wpcf7-display-none\"><\/div><\/form><\/div><\/div><\/div><\/div><\/div><div  class=\"bt_bb_column col-md-6 col-sm-12 bt_bb_align_left bt_bb_vertical_align_top bt_bb_animation_fade_in animate bt_bb_padding_normal bt_bb_highlighted_no\"  data-width=\"6\"><div class=\"bt_bb_column_content\" style=\"background-color:rgba(255, 255, 255, 1);\"><div class=\"bt_bb_column_content_inner\"><div class=\"bt_bb_image bt_bb_shape_square bt_bb_align_inherit bt_bb_hover_style_simple bt_bb_content_display_always bt_bb_content_align_middle\"><span><img src=\"https:\/\/igauni.lv\/wp-content\/uploads\/ig_img1.jpg\" data-full_image_src=\"https:\/\/igauni.lv\/wp-content\/uploads\/ig_img1.jpg\"  title=\"Transporta p\u0101rvad\u0101jumu cenas pied\u0101v\u0101jums\" alt=\"Transporta p\u0101rvad\u0101jumu cenas pied\u0101v\u0101jums\"><\/span><\/div><\/div><\/div><\/div><\/div><\/div><\/div><\/div><\/div><\/section><\/div>","protected":false},"excerpt":{"rendered":"<p>If you have a full truck load of goods or equipment, we can provide you with exclusive trucking services.<\/p>\n","protected":false},"author":1,"featured_media":0,"parent":0,"menu_order":0,"comment_status":"closed","ping_status":"closed","template":"","meta":[],"_links":{"self":[{"href":"https:\/\/igauni.lv\/ru\/wp-json\/wp\/v2\/pages\/4386"}],"collection":[{"href":"https:\/\/igauni.lv\/ru\/wp-json\/wp\/v2\/pages"}],"about":[{"href":"https:\/\/igauni.lv\/ru\/wp-json\/wp\/v2\/types\/page"}],"author":[{"embeddable":true,"href":"https:\/\/igauni.lv\/ru\/wp-json\/wp\/v2\/users\/1"}],"replies":[{"embeddable":true,"href":"https:\/\/igauni.lv\/ru\/wp-json\/wp\/v2\/comments?post=4386"}],"version-history":[{"count":5,"href":"https:\/\/igauni.lv\/ru\/wp-json\/wp\/v2\/pages\/4386\/revisions"}],"predecessor-version":[{"id":4456,"href":"https:\/\/igauni.lv\/ru\/wp-json\/wp\/v2\/pages\/4386\/revisions\/4456"}],"wp:attachment":[{"href":"https:\/\/igauni.lv\/ru\/wp-json\/wp\/v2\/media?parent=4386"}],"curies":[{"name":"wp","href":"https:\/\/api.w.org\/{rel}","templated":true}]}}