{"id":4367,"date":"2018-05-07T21:24:06","date_gmt":"2018-05-07T21:24:06","guid":{"rendered":"http:\/\/igauni.lv\/?page_id=4367"},"modified":"2020-04-08T18:15:14","modified_gmt":"2020-04-08T18:15:14","slug":"contacts","status":"publish","type":"page","link":"https:\/\/igauni.lv\/en\/contacts\/","title":{"rendered":"Contacts"},"content":{"rendered":"<div class=\"bt_bb_wrapper\"><section id=\"bt_bb_section69ea4fe82ce30\"  class=\"bt_bb_section bt_bb_top_spacing_large bt_bb_bottom_spacing_extra_small bt_bb_layout_boxed_1200 bt_bb_vertical_align_top bt_bb_highlighted_no\" ><div class=\"bt_bb_port\"><div class=\"bt_bb_cell\"><div class=\"bt_bb_cell_inner\"><div class=\"bt_bb_row_wrapper\"><div  class=\"bt_bb_row\" ><div  class=\"bt_bb_column col-md-6 col-sm-12 bt_bb_align_left bt_bb_vertical_align_top bt_bb_animation_fade_in move_right animate bt_bb_padding_double bt_bb_highlighted_no\"  data-width=\"6\"><div class=\"bt_bb_column_content\"><div class=\"bt_bb_column_content_inner\"><header class=\"bt_bb_headline bt_bb_dash_bottom bt_bb_size_normal bt_bb_align_inherit\"><h3><span class=\"bt_bb_headline_content\"><span>CONTACT US<\/span><\/span><\/h3><\/header><div class=\"bt_bb_separator bt_bb_top_spacing_normal bt_bb_border_style_none\"><\/div><div  class=\"bt_bb_text\" ><p><span style=\"font-weight: 400;\">Call<\/span>: <strong>+371 29460577<\/strong><br \/>\n<span style=\"font-weight: 400;\">Write<\/span>: <strong>info@igauni.lv<\/strong><\/p>\n<p><span style=\"font-weight: 400;\">Or fill the form<\/span>:<\/p>\n<\/div><div  class=\"bt_bb_text\" ><div role=\"form\" class=\"wpcf7\" id=\"wpcf7-f4443-o1\" lang=\"en-US\" dir=\"ltr\">\n<div class=\"screen-reader-response\"><\/div>\n<form action=\"\/en\/wp-json\/wp\/v2\/pages\/4367#wpcf7-f4443-o1\" method=\"post\" class=\"wpcf7-form\" novalidate=\"novalidate\">\n<div style=\"display: none;\">\n<input type=\"hidden\" name=\"_wpcf7\" value=\"4443\" \/>\n<input type=\"hidden\" name=\"_wpcf7_version\" value=\"5.0\" \/>\n<input type=\"hidden\" name=\"_wpcf7_locale\" value=\"en_US\" \/>\n<input type=\"hidden\" name=\"_wpcf7_unit_tag\" value=\"wpcf7-f4443-o1\" \/>\n<input type=\"hidden\" name=\"_wpcf7_container_post\" value=\"0\" \/>\n<\/div>\n<div class=\"boldRow btContactRow\">\n<div class=\"btContactRowInput btContactRowInputFlex\">\n<div class=\"btContactInputName\"><span class=\"wpcf7-form-control-wrap your-name\"><input type=\"text\" name=\"your-name\" value=\"\" size=\"40\" class=\"wpcf7-form-control wpcf7-text wpcf7-validates-as-required\" aria-required=\"true\" aria-invalid=\"false\" placeholder=\"Name\" \/><\/span><\/div>\n<div class=\"btContactInputEmail\"><span class=\"wpcf7-form-control-wrap your-email\"><input type=\"email\" name=\"your-email\" value=\"\" size=\"40\" class=\"wpcf7-form-control wpcf7-text wpcf7-email wpcf7-validates-as-required wpcf7-validates-as-email\" aria-required=\"true\" aria-invalid=\"false\" placeholder=\"E-mail\" \/><\/span><\/div>\n<\/div>\n<div class=\"btContactRowInput btContactRowInputFlex\">\n<div class=\"btContactInputSubject\"><span class=\"wpcf7-form-control-wrap your-subject\"><input type=\"text\" name=\"your-subject\" value=\"\" size=\"40\" class=\"wpcf7-form-control wpcf7-text wpcf7-validates-as-required\" aria-required=\"true\" aria-invalid=\"false\" placeholder=\"Subject\" \/><\/span><\/div>\n<\/div>\n<div class=\"btContactRowInput\"><span class=\"wpcf7-form-control-wrap your-message\"><textarea name=\"your-message\" cols=\"40\" rows=\"10\" class=\"wpcf7-form-control wpcf7-textarea\" aria-invalid=\"false\" placeholder=\"Your message\"><\/textarea><\/span><\/div>\n<div>\n<div class=\"wpcf7-form-control-wrap\"><div data-sitekey=\"6LejckgUAAAAALO72AAEKdT6RZpOjiBftfKBC8dc\" class=\"wpcf7-form-control g-recaptcha wpcf7-recaptcha\"><\/div>\n<noscript>\n\t<div style=\"width: 302px; height: 422px;\">\n\t\t<div style=\"width: 302px; height: 422px; position: relative;\">\n\t\t\t<div style=\"width: 302px; height: 422px; position: absolute;\">\n\t\t\t\t<iframe src=\"https:\/\/www.google.com\/recaptcha\/api\/fallback?k=6LejckgUAAAAALO72AAEKdT6RZpOjiBftfKBC8dc\" frameborder=\"0\" scrolling=\"no\" style=\"width: 302px; height:422px; border-style: none;\">\n\t\t\t\t<\/iframe>\n\t\t\t<\/div>\n\t\t\t<div style=\"width: 300px; height: 60px; border-style: none; bottom: 12px; left: 25px; margin: 0px; padding: 0px; right: 25px; background: #f9f9f9; border: 1px solid #c1c1c1; border-radius: 3px;\">\n\t\t\t\t<textarea id=\"g-recaptcha-response\" name=\"g-recaptcha-response\" class=\"g-recaptcha-response\" style=\"width: 250px; height: 40px; border: 1px solid #c1c1c1; margin: 10px 25px; padding: 0px; resize: none;\">\n\t\t\t\t<\/textarea>\n\t\t\t<\/div>\n\t\t<\/div>\n\t<\/div>\n<\/noscript>\n<\/div>\n<\/div>\n<div class=\"btContactRowButton\"><input type=\"submit\" value=\"Send\" class=\"wpcf7-form-control wpcf7-submit\" \/><\/div>\n<\/div>\n<div class=\"wpcf7-response-output wpcf7-display-none\"><\/div><\/form><\/div><\/div><\/div><\/div><\/div><div  class=\"bt_bb_column col-md-6 col-sm-12 bt_bb_align_left bt_bb_vertical_align_top bt_bb_animation_fade_in move_left animate bt_bb_padding_double bt_bb_highlighted_no\"  data-width=\"6\"><div class=\"bt_bb_column_content\"><div class=\"bt_bb_column_content_inner\"><header class=\"bt_bb_headline bt_bb_dash_bottom bt_bb_size_normal bt_bb_align_inherit\"><h3><span class=\"bt_bb_headline_content\"><span>DETAILS<\/span><\/span><\/h3><\/header><div class=\"bt_bb_separator bt_bb_top_spacing_normal bt_bb_border_style_none\"><\/div><div  class=\"bt_bb_text\" ><p>Z\/s &#8220;IGAU\u0145I&#8221;<\/p>\n<p><strong>Reg. number:<\/strong><br \/>\n48501010373<\/p>\n<p><strong>VAT number:<\/strong><br \/>\nLV48501010373<\/p>\n<p><strong>Registered address:<\/strong><br \/>\n<span style=\"font-weight: 400;\">Saldus Municipality, Jaunauce County, Igau\u0146i, LV-3893<\/span><\/p>\n<p><strong>Business address:<\/strong><br \/>\n<span style=\"font-weight: 400;\">Riga, Uriekstes Street 4, LV-1005<\/span><\/p>\n<\/div><\/div><\/div><\/div><\/div><\/div><\/div><\/div><\/div><\/section><section id=\"bt_bb_section69ea4fe82e497\"  class=\"bt_bb_section bt_bb_top_spacing_small bt_bb_bottom_spacing_normal bt_bb_layout_boxed_1200 bt_bb_vertical_align_top bt_bb_highlighted_no\" ><div class=\"bt_bb_port\"><div class=\"bt_bb_cell\"><div class=\"bt_bb_cell_inner\"><div class=\"bt_bb_row_wrapper\"><div  class=\"bt_bb_row\" ><div  class=\"bt_bb_column col-md-6 col-sm-12 bt_bb_align_left bt_bb_vertical_align_top bt_bb_animation_fade_in move_right animate bt_bb_padding_double bt_bb_highlighted_no\"  data-width=\"6\"><div class=\"bt_bb_column_content\"><div class=\"bt_bb_column_content_inner\"><header class=\"bt_bb_headline bt_bb_dash_bottom bt_bb_size_normal bt_bb_align_inherit\"><h3><span class=\"bt_bb_headline_content\"><span>TEAM<\/span><\/span><\/h3><\/header><div class=\"bt_bb_separator bt_bb_top_spacing_small bt_bb_border_style_none\"><\/div><div  class=\"bt_bb_text\" ><p><strong>Ein\u0101rs Vecvagars<\/strong>,\u00a0<span style=\"font-weight: 400;\">CEO<\/span><br \/>\neinars@igauni.lv, \u00a0+371 29460577<\/p>\n<p><strong>Raivis Statkus<\/strong>, <span style=\"font-weight: 400;\">Transport Manager<\/span><br \/>\nraivis@igauni.lv, +371 26469721<\/p>\n<p><strong>M\u0101rti\u0146\u0161 L\u016bsis<\/strong>, <span style=\"font-weight: 400;\">Transport Manager<\/span><br \/>\nmartins@igauni.lv, +371 28669948<\/p>\n<p><strong>Leons Dukulis<\/strong>,\u00a0<span style=\"font-weight: 400;\">Transport Manager<\/span><br \/>\nleons@igauni.lv, +371 27893771<\/p>\n<\/div><div class=\"bt_bb_separator bt_bb_top_spacing_small bt_bb_border_style_none\"><\/div><\/div><\/div><\/div><div  class=\"bt_bb_column col-md-6 col-sm-12 bt_bb_align_left bt_bb_vertical_align_top bt_bb_animation_fade_in move_left animate bt_bb_padding_double bt_bb_highlighted_no\"  data-width=\"6\"><div class=\"bt_bb_column_content\"><div class=\"bt_bb_column_content_inner\"><header class=\"bt_bb_headline bt_bb_dash_bottom bt_bb_size_normal bt_bb_align_inherit\"><h3><span class=\"bt_bb_headline_content\"><span>INSTAGRAM<\/span><\/span><\/h3><\/header><div class=\"bt_bb_separator bt_bb_top_spacing_small bt_bb_border_style_none\"><\/div><div class=\"bt_bb_instagram bt_bb_columns_3 bt_bb_gap_small\"><\/div><div class=\"bt_bb_separator bt_bb_top_spacing_small bt_bb_border_style_none\"><\/div><\/div><\/div><\/div><\/div><\/div><\/div><\/div><\/div><\/section><\/div>","protected":false},"excerpt":{"rendered":"<p>Please fill in the form. We will get in touch with you asap. Our call center is available 24h\/7.<\/p>\n","protected":false},"author":1,"featured_media":0,"parent":0,"menu_order":0,"comment_status":"closed","ping_status":"closed","template":"","meta":[],"_links":{"self":[{"href":"https:\/\/igauni.lv\/en\/wp-json\/wp\/v2\/pages\/4367"}],"collection":[{"href":"https:\/\/igauni.lv\/en\/wp-json\/wp\/v2\/pages"}],"about":[{"href":"https:\/\/igauni.lv\/en\/wp-json\/wp\/v2\/types\/page"}],"author":[{"embeddable":true,"href":"https:\/\/igauni.lv\/en\/wp-json\/wp\/v2\/users\/1"}],"replies":[{"embeddable":true,"href":"https:\/\/igauni.lv\/en\/wp-json\/wp\/v2\/comments?post=4367"}],"version-history":[{"count":8,"href":"https:\/\/igauni.lv\/en\/wp-json\/wp\/v2\/pages\/4367\/revisions"}],"predecessor-version":[{"id":4498,"href":"https:\/\/igauni.lv\/en\/wp-json\/wp\/v2\/pages\/4367\/revisions\/4498"}],"wp:attachment":[{"href":"https:\/\/igauni.lv\/en\/wp-json\/wp\/v2\/media?parent=4367"}],"curies":[{"name":"wp","href":"https:\/\/api.w.org\/{rel}","templated":true}]}}